{"id":6925,"date":"2026-03-25T13:15:19","date_gmt":"2026-03-25T16:15:19","guid":{"rendered":"https:\/\/atenas.ag\/?page_id=6925"},"modified":"2026-03-25T13:40:05","modified_gmt":"2026-03-25T16:40:05","slug":"contato","status":"publish","type":"page","link":"https:\/\/atenas.ag\/en\/contato\/","title":{"rendered":"Contact Us"},"content":{"rendered":"<div data-elementor-type=\"wp-page\" data-elementor-id=\"6925\" class=\"elementor elementor-6925\">\n\t\t\t\t<div class=\"elementor-element elementor-element-d3d1822 e-con-full e-flex tt-sticky-element-no tt-sticker-scroller-no e-con e-parent\" data-id=\"d3d1822\" data-element_type=\"container\" data-settings=\"{&quot;background_background&quot;:&quot;video&quot;,&quot;background_video_link&quot;:&quot;https:\\\/\\\/atenas.ag\\\/wp-content\\\/uploads\\\/2025\\\/12\\\/VI\\u0301DEO-ATENAS.mp4&quot;,&quot;background_play_on_mobile&quot;:&quot;yes&quot;}\">\n\t\t<div class=\"elementor-background-video-container\" aria-hidden=\"true\">\n\t\t\t\t\t\t\t<video class=\"elementor-background-video-hosted\" autoplay muted playsinline loop><\/video>\n\t\t\t\t\t<\/div><div class=\"elementor-element elementor-element-fb67436 e-con-full e-flex tt-sticky-element-no tt-sticker-scroller-no e-con e-child\" data-id=\"fb67436\" data-element_type=\"container\">\n\t\t<div class=\"elementor-element elementor-element-2c0ad40 e-con-full e-flex tt-sticky-element-no tt-sticker-scroller-no e-con e-child\" data-id=\"2c0ad40\" data-element_type=\"container\">\n\t\t\t\t<div class=\"elementor-element elementor-element-4081292 tt-sticky-element-no tt-sticker-scroller-no elementor-widget elementor-widget-html\" data-id=\"4081292\" data-element_type=\"widget\" data-widget_type=\"html.default\">\n\t\t\t\t\t<!-- C\u00cdRCULO COM IMAGEM AO CENTRO + TEXTO EM VOLTA (TRANSLATEPRESS SAFE) -->\n<div class=\"brand-circle-wrapper\" data-no-translation>\n  <div class=\"rotator\">\n    <div class=\"brand-rotating-text\"\n         id=\"brand-circle-text\"\n         data-no-translation\n data-radius=\"135\"\n         data-font=\"18\"><\/div>\n  <\/div>\n\n  <!-- Imagem central -->\n  <div class=\"brand-center\" data-no-translation>\n    <img decoding=\"async\" class=\"brand-center-img\"\n         src=\"https:\/\/atenas.ag\/wp-content\/uploads\/2025\/08\/ATENASMIS.png\"\n         alt=\"ATENAS.ag\">\n  <\/div>\n<\/div>\n\n<style>\n@font-face {\n  font-family: 'CharterBold';\n  src: url('https:\/\/atenas.ag\/wp-content\/uploads\/2025\/08\/Charter-Bold.ttf') format('truetype');\n  font-weight: 700;\n  font-style: normal;\n}\n\n.brand-circle-wrapper{\n  position: relative;\n  width: 260px;\n  height: 260px;\n  margin: 10px auto;\n}\n\n.rotator{\n  position:absolute;\n  inset:0;\n  transform-origin:50% 50%;\n  animation: brand-spin 18s linear infinite;\n  will-change: transform;\n}\n\n.brand-rotating-text{\n  position:absolute;\n  inset:0;\n  transform: rotate(-90deg);\n  pointer-events:none;\n}\n\n.brand-rotating-text span{\n  position:absolute;\n  left:50%;\n  top:0;\n  color:#FFF0D7;\n  font-weight:700;\n  letter-spacing:0.5px;\n  font-family:'CharterBold', Georgia, serif;\n  white-space:pre;\n}\n\n.brand-center{\n  position:absolute;\n  left:50%;\n  top:50%;\n  transform:translate(-50%, -50%);\n  width:120px;\n  height:120px;\n  display:flex;\n  align-items:center;\n  justify-content:center;\n}\n\n.brand-center-img{\n  width:100%;\n  height:100%;\n  object-fit:contain;\n}\n\n@keyframes brand-spin{\n  from { transform: rotate(0deg); }\n  to   { transform: rotate(360deg); }\n}\n<\/style>\n\n<script>\n(function () {\n\n  function renderBrandCircle() {\n    const el = document.getElementById(\"brand-circle-text\");\n    if (!el || el.dataset.rendered === \"1\") return;\n\n    \/* \ud83c\udf0d DETEC\u00c7\u00c3O DE IDIOMA *\/\n    const isEN =\n      document.documentElement.lang === \"en\" ||\n      location.pathname.startsWith(\"\/en\");\n\n    \/* \ud83d\udd12 TEXTO 100% FORA DO HTML *\/\n    const TEXTS = {\n      pt: \"\u2022UMA AG\u00caNCIA DE BRANDING EXPERIENCE\",\n      en: \"\u2022A BRAND EXPERIENCE AGENCY\"\n    };\n\n    const text   = isEN ? TEXTS.en : TEXTS.pt;\n    const radius = parseFloat(el.dataset.radius) || 135;\n    const fsize  = parseFloat(el.dataset.font)   || 18;\n\n    el.innerHTML = \"\";\n\n    const total = text.length;\n    const baseStep = 360 \/ total;\n\n    const KERN = new Map([\n      [\"I\", 0.72],\n      [\"L\", 0.86],\n      [\"1\", 0.84],\n      [\"T\", 0.92],\n      [\"\u2022\", 1.0],\n      [\" \", 0.5]\n    ]);\n\n    let rawAngles = [];\n    let angle = 0;\n\n    for (let i = 0; i < total; i++) {\n      rawAngles.push(angle);\n      const ch = text[i];\n      const factor = KERN.get(ch) ?? 1;\n      angle += baseStep * factor;\n    }\n\n    const norm = 360 \/ angle;\n    let angles = rawAngles.map(a => a * norm);\n\n    \/* \ud83d\udccd Alinha o ponto na base *\/\n    const dotIdx = text.indexOf(\"\u2022\");\n    if (dotIdx >= 0) {\n      const dotAngle = angles[dotIdx];\n      const TARGET = 180;\n      const offset = TARGET - dotAngle;\n      angles = angles.map(a => (a + offset + 360) % 360);\n    }\n\n    \/* \ud83d\udd24 Render final (cada span tamb\u00e9m bloqueado) *\/\n    for (let i = 0; i < total; i++) {\n      const span = document.createElement(\"span\");\n      span.textContent = text[i];\n      span.setAttribute(\"data-no-translation\", \"true\");\n      span.style.transform = `rotate(${angles[i]}deg)`;\n      span.style.transformOrigin = `0 ${radius}px`;\n      span.style.fontSize = fsize + \"px\";\n      el.appendChild(span);\n    }\n\n    el.dataset.rendered = \"1\";\n  }\n\n  \/* Safe init para Elementor \/ WP *\/\n  window.addEventListener(\"load\", renderBrandCircle);\n\n  let tries = 0;\n  const interval = setInterval(() => {\n    renderBrandCircle();\n    if (++tries > 20) clearInterval(interval);\n  }, 250);\n\n})();\n<\/script>\n\t\t\t\t<\/div>\n\t\t\t\t<\/div>\n\t\t<div class=\"elementor-element elementor-element-44b7a65 e-con-full e-flex tt-sticky-element-no tt-sticker-scroller-no e-con e-child\" data-id=\"44b7a65\" data-element_type=\"container\">\n\t\t\t\t<div class=\"elementor-element elementor-element-bab9f3e tt-sticky-element-no tt-sticker-scroller-no elementor-widget elementor-widget-heading\" data-id=\"bab9f3e\" data-element_type=\"widget\" data-widget_type=\"heading.default\">\n\t\t\t\t\t<h2 class=\"elementor-heading-title elementor-size-default\">ENTRE EM<\/h2>\t\t\t\t<\/div>\n\t\t\t\t<div class=\"elementor-element elementor-element-3287e1a tt-sticky-element-no tt-sticker-scroller-no elementor-widget elementor-widget-heading\" data-id=\"3287e1a\" data-element_type=\"widget\" data-widget_type=\"heading.default\">\n\t\t\t\t\t<h2 class=\"elementor-heading-title elementor-size-default\">cont<font color=\"#D65D4A\"><!-- hidden --><\/font>to<\/h2>\t\t\t\t<\/div>\n\t\t\t\t<\/div>\n\t\t\t\t<\/div>\n\t\t\t\t<\/div>\n\t\t<div class=\"elementor-element elementor-element-8f02eb6 e-con-full e-flex tt-sticky-element-no tt-sticker-scroller-no e-con e-parent\" data-id=\"8f02eb6\" data-element_type=\"container\">\n\t\t\t\t<div class=\"elementor-element elementor-element-0d377a2 tt-sticky-element-no tt-sticker-scroller-no elementor-widget elementor-widget-jesper-divider\" data-id=\"0d377a2\" data-element_type=\"widget\" data-widget_type=\"jesper-divider.default\">\n\t\t\t\t<div class=\"elementor-widget-container\">\n\t\t\t\t\t\t\t<div class=\"border-top\"><\/div>\n\t\t\t\t\t\t<\/div>\n\t\t\t\t<\/div>\n\t\t\t\t<\/div>\n\t\t<div class=\"elementor-element elementor-element-41c3441 e-flex e-con-boxed tt-sticky-element-no tt-sticker-scroller-no e-con e-parent\" data-id=\"41c3441\" data-element_type=\"container\" data-settings=\"{&quot;background_background&quot;:&quot;classic&quot;}\">\n\t\t\t\t\t<div class=\"e-con-inner\">\n\t\t\t\t<div class=\"elementor-element elementor-element-9446219 tt-sticky-element-no tt-sticker-scroller-no elementor-widget elementor-widget-jesper-text-block\" data-id=\"9446219\" data-element_type=\"widget\" data-widget_type=\"jesper-text-block.default\">\n\t\t\t\t<div class=\"elementor-widget-container\">\n\t\t\t\t\t\t\t\t\t<div class=\"clear\">\n\t\t<div class=\"tt-text-uppercase jp-sec-title-des  text-df max-width-df tt-anim-fadeinup\">\n\t\t\tATENAS.ag believes in the power of experiences to tell stories, spark conversations, and build memorable brands.\n<br><br>\nWant to create something unforgettable with us?\n<br>Fill out the form and let\u2019s start the conversation.\t\t<\/div>\n\t\t<\/div>\n\t\t\t\t\t\t\t\t<\/div>\n\t\t\t\t<\/div>\n\t\t<div class=\"elementor-element elementor-element-85e267b e-con-full e-flex tt-sticky-element-no tt-sticker-scroller-no e-con e-child\" data-id=\"85e267b\" data-element_type=\"container\">\n\t\t\t\t<div class=\"elementor-element elementor-element-d719d24 tt-sticky-element-no tt-sticker-scroller-no elementor-widget elementor-widget-html\" data-id=\"d719d24\" data-element_type=\"widget\" data-widget_type=\"html.default\">\n\t\t\t\t\t<!-- Bot\u00e3o circular \"Quero ser CLIENTE\" -->\n<a class=\"cta-circle\" href=\"https:\/\/atenas.ag\/en\/quero-ser-cliente\/\" aria-label=\"Quero ser cliente\">\n  <span class=\"cta-line1\">I want to be a<\/span>\n  <span class=\"cta-line2\">CLIENT<\/span>\n  <span class=\"cta-arrow\" aria-hidden=\"true\">\n    <svg viewbox=\"0 0 24 24\" width=\"22\" height=\"22\">\n      <path d=\"M4 12h14M13 6l6 6-6 6\" fill=\"none\" stroke=\"currentColor\" stroke-width=\"2\" stroke-linecap=\"round\" stroke-linejoin=\"round\"\/>\n    <\/svg>\n  <\/span>\n<\/a>\n\n<style>\n\/* ===== BOT\u00c3O CIRCULAR \u2013 estilos isolados ===== *\/\n@font-face{\n  font-family: 'BigShoulders24pt-Light';\n  src: url('https:\/\/atenas.ag\/wp-content\/uploads\/2025\/08\/BigShoulders_24pt-Light.ttf') format('truetype');\n  font-weight: 300;\n  font-style: normal;\n  font-display: swap;\n}\n\n:root{\n  --cta-size: 190px;           \/* di\u00e2metro do c\u00edrculo reduzido *\/\n  --cta-color: #D65D4A;        \/* cor do tra\u00e7o\/texto *\/\n  --cta-hover-text: #FFF0D7;   \/* cor do texto no hover *\/\n  --cta-font: 'BigShoulders24pt-Light', system-ui, -apple-system, Segoe UI, Roboto, Arial, sans-serif;\n}\n\na.cta-circle{\n  font-family: var(--cta-font);\n  display: inline-flex;\n  flex-direction: column;\n  align-items: center;\n  justify-content: center;\n  width: var(--cta-size);\n  height: var(--cta-size);\n  border-radius: 50%;\n  border: 2.5px solid var(--cta-color);\n  color: var(--cta-color);\n  text-decoration: none;\n  background: transparent;  \/* fundo transparente *\/\n  line-height: 1.1;\n  gap: 8px;\n  transition: all .18s ease;\n  box-sizing: border-box;\n  text-align: center;\n}\n\na.cta-circle .cta-line1{\n  font-size: 18px;\n  letter-spacing: .3px;\n}\n\na.cta-circle .cta-line2{\n  font-size: 32px;\n  letter-spacing: .5px;\n}\n\na.cta-circle .cta-arrow{\n  display: inline-flex;\n  margin-top: 4px;\n}\n\n\/* Hover\/foco acess\u00edvel *\/\na.cta-circle:hover,\na.cta-circle:focus-visible{\n  transform: translateY(-2px);\n  background: var(--cta-color);     \/* fundo laranja *\/\n  color: var(--cta-hover-text);     \/* texto creme *\/\n  outline: none;\n}\na.cta-circle:hover svg path {\n  stroke: var(--cta-hover-text);\n}\n\n\/* Responsivo *\/\n@media (max-width: 480px){\n  :root{ --cta-size: 160px; }\n  a.cta-circle .cta-line1{ font-size: 16px; }\n  a.cta-circle .cta-line2{ font-size: 26px; }\n}\n<\/style>\n\t\t\t\t<\/div>\n\t\t\t\t<div class=\"elementor-element elementor-element-ba107dd tt-sticky-element-no tt-sticker-scroller-no elementor-widget elementor-widget-html\" data-id=\"ba107dd\" data-element_type=\"widget\" data-widget_type=\"html.default\">\n\t\t\t\t\t<!-- Bot\u00e3o circular \"Quero ser CLIENTE\" -->\n<a class=\"cta-circle\" href=\"https:\/\/atenas.ag\/en\/quero-ser-fornecedor\/\" aria-label=\"Quero ser cliente\">\n  <span class=\"cta-line1\">I want to be a<\/span>\n  <span class=\"cta-line2\">SUPPLIER<\/span>\n  <span class=\"cta-arrow\" aria-hidden=\"true\">\n    <svg viewbox=\"0 0 24 24\" width=\"22\" height=\"22\">\n      <path d=\"M4 12h14M13 6l6 6-6 6\" fill=\"none\" stroke=\"currentColor\" stroke-width=\"2\" stroke-linecap=\"round\" stroke-linejoin=\"round\"\/>\n    <\/svg>\n  <\/span>\n<\/a>\n\n<style>\n\/* ===== BOT\u00c3O CIRCULAR \u2013 estilos isolados ===== *\/\n@font-face{\n  font-family: 'BigShoulders24pt-Light';\n  src: url('https:\/\/atenas.ag\/wp-content\/uploads\/2025\/08\/BigShoulders_24pt-Light.ttf') format('truetype');\n  font-weight: 300;\n  font-style: normal;\n  font-display: swap;\n}\n\n:root{\n  --cta-size: 190px;           \/* di\u00e2metro do c\u00edrculo reduzido *\/\n  --cta-color: #D65D4A;        \/* cor do tra\u00e7o\/texto *\/\n  --cta-hover-text: #FFF0D7;   \/* cor do texto no hover *\/\n  --cta-font: 'BigShoulders24pt-Light', system-ui, -apple-system, Segoe UI, Roboto, Arial, sans-serif;\n}\n\na.cta-circle{\n  font-family: var(--cta-font);\n  display: inline-flex;\n  flex-direction: column;\n  align-items: center;\n  justify-content: center;\n  width: var(--cta-size);\n  height: var(--cta-size);\n  border-radius: 50%;\n  border: 2.5px solid var(--cta-color);\n  color: var(--cta-color);\n  text-decoration: none;\n  background: transparent;  \/* fundo transparente *\/\n  line-height: 1.1;\n  gap: 8px;\n  transition: all .18s ease;\n  box-sizing: border-box;\n  text-align: center;\n}\n\na.cta-circle .cta-line1{\n  font-size: 18px;\n  letter-spacing: .3px;\n}\n\na.cta-circle .cta-line2{\n  font-size: 32px;\n  letter-spacing: .5px;\n}\n\na.cta-circle .cta-arrow{\n  display: inline-flex;\n  margin-top: 4px;\n}\n\n\/* Hover\/foco acess\u00edvel *\/\na.cta-circle:hover,\na.cta-circle:focus-visible{\n  transform: translateY(-2px);\n  background: var(--cta-color);     \/* fundo laranja *\/\n  color: var(--cta-hover-text);     \/* texto creme *\/\n  outline: none;\n}\na.cta-circle:hover svg path {\n  stroke: var(--cta-hover-text);\n}\n\n\/* Responsivo *\/\n@media (max-width: 480px){\n  :root{ --cta-size: 160px; }\n  a.cta-circle .cta-line1{ font-size: 16px; }\n  a.cta-circle .cta-line2{ font-size: 26px; }\n}\n<\/style>\n\t\t\t\t<\/div>\n\t\t\t\t<div class=\"elementor-element elementor-element-2aa9aa4 tt-sticky-element-no tt-sticker-scroller-no elementor-widget elementor-widget-html\" data-id=\"2aa9aa4\" data-element_type=\"widget\" data-widget_type=\"html.default\">\n\t\t\t\t\t<!-- Bot\u00e3o circular \"Quero ser CLIENTE\" -->\n<a class=\"cta-circle\" href=\"https:\/\/atenas.ag\/en\/quero-ser-colaborador\/\" aria-label=\"Quero ser cliente\">\n  <span class=\"cta-line1\">I want to be a<\/span>\n  <span class=\"cta-line2\">COLLABORATOR<\/span>\n  <span class=\"cta-arrow\" aria-hidden=\"true\">\n    <svg viewbox=\"0 0 24 24\" width=\"22\" height=\"22\">\n      <path d=\"M4 12h14M13 6l6 6-6 6\" fill=\"none\" stroke=\"currentColor\" stroke-width=\"2\" stroke-linecap=\"round\" stroke-linejoin=\"round\"\/>\n    <\/svg>\n  <\/span>\n<\/a>\n\n<style>\n\/* ===== BOT\u00c3O CIRCULAR \u2013 estilos isolados ===== *\/\n@font-face{\n  font-family: 'BigShoulders24pt-Light';\n  src: url('https:\/\/atenas.ag\/wp-content\/uploads\/2025\/08\/BigShoulders_24pt-Light.ttf') format('truetype');\n  font-weight: 300;\n  font-style: normal;\n  font-display: swap;\n}\n\n:root{\n  --cta-size: 190px;           \/* di\u00e2metro do c\u00edrculo reduzido *\/\n  --cta-color: #D65D4A;        \/* cor do tra\u00e7o\/texto *\/\n  --cta-hover-text: #FFF0D7;   \/* cor do texto no hover *\/\n  --cta-font: 'BigShoulders24pt-Light', system-ui, -apple-system, Segoe UI, Roboto, Arial, sans-serif;\n}\n\na.cta-circle{\n  font-family: var(--cta-font);\n  display: inline-flex;\n  flex-direction: column;\n  align-items: center;\n  justify-content: center;\n  width: var(--cta-size);\n  height: var(--cta-size);\n  border-radius: 50%;\n  border: 2.5px solid var(--cta-color);\n  color: var(--cta-color);\n  text-decoration: none;\n  background: transparent;  \/* fundo transparente *\/\n  line-height: 1.1;\n  gap: 8px;\n  transition: all .18s ease;\n  box-sizing: border-box;\n  text-align: center;\n}\n\na.cta-circle .cta-line1{\n  font-size: 18px;\n  letter-spacing: .3px;\n}\n\na.cta-circle .cta-line2{\n  font-size: 32px;\n  letter-spacing: .5px;\n}\n\na.cta-circle .cta-arrow{\n  display: inline-flex;\n  margin-top: 4px;\n}\n\n\/* Hover\/foco acess\u00edvel *\/\na.cta-circle:hover,\na.cta-circle:focus-visible{\n  transform: translateY(-2px);\n  background: var(--cta-color);     \/* fundo laranja *\/\n  color: var(--cta-hover-text);     \/* texto creme *\/\n  outline: none;\n}\na.cta-circle:hover svg path {\n  stroke: var(--cta-hover-text);\n}\n\n\/* Responsivo *\/\n@media (max-width: 480px){\n  :root{ --cta-size: 160px; }\n  a.cta-circle .cta-line1{ font-size: 16px; }\n  a.cta-circle .cta-line2{ font-size: 26px; }\n}\n<\/style>\n\t\t\t\t<\/div>\n\t\t\t\t<div class=\"elementor-element elementor-element-7daaca0 tt-sticky-element-no tt-sticker-scroller-no elementor-widget elementor-widget-html\" data-id=\"7daaca0\" data-element_type=\"widget\" data-widget_type=\"html.default\">\n\t\t\t\t\t<!-- Bot\u00e3o circular \"Quero entrar EM CONTATO\" (FILLED) -->\n<a class=\"cta-circle-filled\" href=\"https:\/\/atenas.ag\/en\/pautas-para-imprensa\/\" aria-label=\"Quero entrar em contato\">\n  <span class=\"cta-line1\">Press<\/span>\n  <span class=\"cta-line2\">INQUIRIES<\/span>\n  <span class=\"cta-arrow\" aria-hidden=\"true\">\n    <svg viewbox=\"0 0 24 24\" width=\"22\" height=\"22\">\n      <path d=\"M4 12h14M13 6l6 6-6 6\" fill=\"none\" stroke=\"currentColor\" stroke-width=\"2\" stroke-linecap=\"round\" stroke-linejoin=\"round\"\/>\n    <\/svg>\n  <\/span>\n<\/a>\n\n<style>\n\/* Fonte (pode repetir em cada HTML) *\/\n@font-face{\n  font-family: 'BigShoulders24pt-Light';\n  src: url('https:\/\/atenas.ag\/wp-content\/uploads\/2025\/08\/BigShoulders_24pt-Light.ttf') format('truetype');\n  font-weight: 300; font-style: normal; font-display: swap;\n}\n\n\/* Vari\u00e1veis s\u00f3 deste bot\u00e3o *\/\n:root{\n  --cta-size-filled: 190px;\n  --cta-bg-filled: #D65D4A;     \/* fundo vermelho-terra *\/\n  --cta-text-filled: #ffffff;   \/* texto branco *\/\n  --cta-font: 'BigShoulders24pt-Light', system-ui, -apple-system, Segoe UI, Roboto, Arial, sans-serif;\n}\n\n\/* Estilo FILLED (preenchido) *\/\na.cta-circle-filled{\n  font-family: var(--cta-font);\n  display: inline-flex; flex-direction: column; align-items: center; justify-content: center;\n  width: var(--cta-size-filled); height: var(--cta-size-filled);\n  border-radius: 50%;\n  border: 2.5px solid var(--cta-bg-filled);\n  background: var(--cta-bg-filled);\n  color: var(--cta-text-filled);\n  text-decoration: none; text-align: center; line-height: 1.1; gap: 8px;\n  transition: transform .18s ease;\n  box-sizing: border-box;\n}\n\na.cta-circle-filled .cta-line1{ font-size: 18px; letter-spacing: .3px; }\na.cta-circle-filled .cta-line2{ font-size: 32px; letter-spacing: .5px; }\na.cta-circle-filled .cta-arrow{ display: inline-flex; margin-top: 4px; }\na.cta-circle-filled svg path{ stroke: var(--cta-text-filled); }\n\n\/* Hover: s\u00f3 movimento (mant\u00e9m preenchido) *\/\na.cta-circle-filled:hover,\na.cta-circle-filled:focus-visible{\n  transform: translateY(-2px);\n  outline: none;\n}\n\n\/* Responsivo *\/\n@media (max-width: 480px){\n  :root{ --cta-size-filled: 160px; }\n  a.cta-circle-filled .cta-line1{ font-size: 16px; }\n  a.cta-circle-filled .cta-line2{ font-size: 26px; }\n}\n<\/style>\n\t\t\t\t<\/div>\n\t\t\t\t<\/div>\n\t\t<div class=\"elementor-element elementor-element-dffdbfa e-con-full e-flex tt-sticky-element-no tt-sticker-scroller-no e-con e-child\" data-id=\"dffdbfa\" data-element_type=\"container\">\n\t\t\t\t<\/div>\n\t\t\t\t\t<\/div>\n\t\t\t\t<\/div>\n\t\t\t\t<\/div>","protected":false},"excerpt":{"rendered":"<p>ENTRE EM contAto A ATENAS.ag acredita no poder das experi\u00eancias para contar hist\u00f3rias, criar conversas&#8230;<\/p>","protected":false},"author":1,"featured_media":0,"parent":0,"menu_order":0,"comment_status":"closed","ping_status":"closed","template":"","meta":{"footnotes":""},"class_list":["post-6925","page","type-page","status-publish","hentry"],"_links":{"self":[{"href":"https:\/\/atenas.ag\/en\/wp-json\/wp\/v2\/pages\/6925","targetHints":{"allow":["GET"]}}],"collection":[{"href":"https:\/\/atenas.ag\/en\/wp-json\/wp\/v2\/pages"}],"about":[{"href":"https:\/\/atenas.ag\/en\/wp-json\/wp\/v2\/types\/page"}],"author":[{"embeddable":true,"href":"https:\/\/atenas.ag\/en\/wp-json\/wp\/v2\/users\/1"}],"replies":[{"embeddable":true,"href":"https:\/\/atenas.ag\/en\/wp-json\/wp\/v2\/comments?post=6925"}],"version-history":[{"count":16,"href":"https:\/\/atenas.ag\/en\/wp-json\/wp\/v2\/pages\/6925\/revisions"}],"predecessor-version":[{"id":6941,"href":"https:\/\/atenas.ag\/en\/wp-json\/wp\/v2\/pages\/6925\/revisions\/6941"}],"wp:attachment":[{"href":"https:\/\/atenas.ag\/en\/wp-json\/wp\/v2\/media?parent=6925"}],"curies":[{"name":"wp","href":"https:\/\/api.w.org\/{rel}","templated":true}]}}